{"id":1437,"date":"2023-03-01T15:24:14","date_gmt":"2023-03-01T15:24:14","guid":{"rendered":"https:\/\/pellplast.pl\/wintergaerten\/"},"modified":"2023-11-18T15:22:25","modified_gmt":"2023-11-18T15:22:25","slug":"wintergaerten","status":"publish","type":"page","link":"https:\/\/pellplast.pl\/de\/wintergaerten\/","title":{"rendered":"Winterg\u00e4rten"},"content":{"rendered":"\n<section class=\"wp-block-uagb-columns uagb-columns__wrap uagb-columns__background-image uagb-columns__stack-mobile uagb-columns__valign-center uagb-columns__gap-10 alignfull uagb-block-aba74979 uagb-columns__columns-1 uagb-columns__max_width-theme\"><div class=\"uagb-columns__overlay\"><\/div><div class=\"uagb-columns__inner-wrap uagb-columns__columns-1\">\n<div class=\"wp-block-uagb-column uagb-column__wrap uagb-column__background-undefined uagb-block-718fcd1e\"><div class=\"uagb-column__overlay\"><\/div>\n<div class=\"wp-block-stackable-heading stk-block-heading stk-block-heading--v2 stk-block stk-9fde296 ticss-9fde2961\" id=\"ogrody-zimowe\" data-block-id=\"9fde296\"><style>.stk-9fde296 .stk-block-heading__text{font-size:60px !important}@media screen and (max-width:999px){.stk-9fde296 .stk-block-heading__text{font-size:50px !important}}<\/style><h1 class=\"stk-block-heading__text\">Winterg\u00e4rten<\/h1><\/div>\n\n\n\n<div class=\"wp-block-stackable-text stk-block-text stk-block stk-0c1144d ticss-0c1144d4\" data-block-id=\"0c1144d\"><p class=\"stk-block-text__text\">Unser Team ber\u00e4t Sie gerne bei der Einrichtung Ihres Traumwintergartens aus Aluminium!<\/p><\/div>\n<\/div>\n<\/div><\/section>\n\n<section class=\"wp-block-uagb-columns uagb-columns__wrap uagb-columns__background-none uagb-columns__stack-mobile uagb-columns__valign-center uagb-columns__gap-10 alignfull uagb-columns__reverse-mobile uagb-block-eca8c726 uagb-columns__columns-2 uagb-columns__max_width-theme\"><div class=\"uagb-columns__overlay\"><\/div><div class=\"uagb-columns__inner-wrap uagb-columns__columns-2\">\n<div class=\"wp-block-uagb-column uagb-column__wrap uagb-column__background-undefined uagb-block-3732c681\"><div class=\"uagb-column__overlay\"><\/div>\n<div class=\"wp-block-stackable-heading stk-block-heading stk-block-heading--v2 stk-block stk-91496c6\" id=\"zalety-posiadania-ogrodu-zimowego\" data-block-id=\"91496c6\"><style>@media screen and (max-width:689px){.stk-91496c6{justify-content:center !important;display:flex !important;flex-direction:column !important}}<\/style><h3 class=\"stk-block-heading__text has-text-align-center-mobile\">Vorteile eines Wintergartens:<\/h3><\/div>\n\n\n\n<p>Ein Wintergarten aus Aluminium ist ein ger\u00e4umiger und heller Raum, der das ganze Jahr \u00fcber als Wohnzimmer, Esszimmer, G\u00e4stezimmer oder Erholungsraum genutzt werden kann. Die Aluminiumkonstruktion sorgt nicht nur f\u00fcr Haltbarkeit und Stabilit\u00e4t, sondern erm\u00f6glicht auch eine einfache Wartung und Reinigung.<\/p>\n\n\n\n<p>Winterg\u00e4rten aus Aluminium sind die perfekte L\u00f6sung f\u00fcr Menschen, die die Sch\u00f6nheit ihres Gartens das ganze Jahr \u00fcber genie\u00dfen wollen. Sie erm\u00f6glichen es Ihnen, die Landschaft, die Pflanzen und die Blumen auch bei schwierigen Wetterverh\u00e4ltnissen bequem zu genie\u00dfen.<\/p>\n\n\n\n<p>Das Dach ist mit geh\u00e4rtetem oder laminiertem Glas bedeckt, um W\u00e4rme- und Schalld\u00e4mmung zu gew\u00e4hrleisten.<\/p>\n\n\n\n<p>Aluminium ist ein Werkstoff, der sich nicht nur durch seine hohe Festigkeit, sondern auch durch sein elegantes Aussehen auszeichnet. Das macht Aluminium-Winterg\u00e4rten nicht nur zu einer praktischen L\u00f6sung, sondern auch zu einem dekorativen Element, das sich perfekt in die Umgebung einf\u00fcgt.<\/p>\n<\/div>\n\n\n\n<div class=\"wp-block-uagb-column uagb-column__wrap uagb-column__background-undefined uagb-block-b80cd580\"><div class=\"uagb-column__overlay\"><\/div>\n<div class=\"wp-block-uagb-image uagb-block-44e472b4 wp-block-uagb-image--layout-default wp-block-uagb-image--effect-static wp-block-uagb-image--align-none\"><figure class=\"wp-block-uagb-image__figure\"><img decoding=\"async\" srcset=\"https:\/\/pellplast.pl\/wp-content\/uploads\/2023\/03\/ogrody-zimowe-system.webp , https:\/\/pellplast.pl\/wp-content\/uploads\/2023\/03\/fasada-1024x768.webp 360w\" src=\"https:\/\/pellplast.pl\/wp-content\/uploads\/2023\/03\/ogrody-zimowe-system.webp\" alt=\"\" class=\"uag-image-1007\" width=\"1200\" height=\"1200\" title=\"\" loading=\"lazy\"\/><\/figure><\/div>\n<\/div>\n<\/div><\/section>\n\n<div style=\"height:100px\" aria-hidden=\"true\" class=\"wp-block-spacer\"><\/div>\n\n<section class=\"wp-block-uagb-columns uagb-columns__wrap uagb-columns__background-none uagb-columns__stack-mobile uagb-columns__valign- uagb-columns__gap-0 alignfull uagb-block-d76e1dba uagb-columns__columns-1 uagb-columns__max_width-theme\"><div class=\"uagb-columns__overlay\"><\/div><div class=\"uagb-columns__inner-wrap uagb-columns__columns-1\">\n<div class=\"wp-block-uagb-column uagb-column__wrap uagb-column__background-undefined uagb-block-eb972f2e\"><div class=\"uagb-column__overlay\"><\/div>\n<div class=\"wp-block-stackable-heading stk-block-heading stk-block-heading--v2 stk-block stk-2952758 ticss-9574a640\" id=\"na-czym-polega-cieply-montaz\" data-block-id=\"2952758\"><style>.stk-2952758 .stk-block-heading__text{font-size:38px !important}@media screen and (max-width:999px){.stk-2952758 .stk-block-heading__text{font-size:38px !important}}<\/style><h3 class=\"stk-block-heading__text\">Was ist eine Warmanpassung?<\/h3><\/div>\n\n\n\n<p class=\"ticss-798197b4\">Der Warmeinbau ist eine spezielle Art der Fenstermontage, bei der W\u00e4rmebr\u00fccken, d.h. Stellen, an denen W\u00e4rmeverluste auftreten, vermieden werden. Beim traditionellen Fenstereinbau, der in der Vergangenheit h\u00e4ufig verwendet wurde, wurden die Fenster mit Metallankern eingebaut, die das Fenster mit der \u00d6ffnung in der Wand verbanden. Dadurch entstanden W\u00e4rmebr\u00fccken, durch die W\u00e4rme aus dem Raum nach au\u00dfen verloren ging und Au\u00dfenluft in den Innenraum str\u00f6mte.<\/p>\n\n\n\n<p class=\"ticss-45add388\">Beim Einbau von Warmfenstern werden anstelle von Metalld\u00fcbeln spezielle W\u00e4rmed\u00e4mmprofile verwendet, um W\u00e4rmebr\u00fccken zu vermeiden. In diesem Fall wird das Fenster mit einem Spezialkleber eingebaut, der die W\u00e4rmed\u00e4mmung erh\u00f6ht, und anschlie\u00dfend werden die Fugen zwischen Fenster und Mauerwerk mit einem speziellen Schaum abgedichtet. Das Ergebnis: Das Fenster ist dicht, es gibt keine Zugluft oder Luftlecks und die W\u00e4rmed\u00e4mmung ist sehr gut.<\/p>\n\n\n\n<p class=\"ticss-f2c65e3f\">Der Einbau von Warmfenstern ist komplizierter und teurer als der herk\u00f6mmliche Einbau, spart aber Energie und senkt langfristig die Heizkosten.<\/p>\n<\/div>\n<\/div><\/section>\n","protected":false},"excerpt":{"rendered":"<p>Winterg\u00e4rten Unser Team ber\u00e4t Sie gerne bei der Einrichtung Ihres Traumwintergartens aus Aluminium! Vorteile eines Wintergartens: Ein Wintergarten aus Aluminium ist ein ger\u00e4umiger und heller Raum, der das ganze Jahr \u00fcber als Wohnzimmer, Esszimmer, G\u00e4stezimmer oder Erholungsraum genutzt werden kann. Die Aluminiumkonstruktion sorgt nicht nur f\u00fcr Haltbarkeit und Stabilit\u00e4t, sondern erm\u00f6glicht auch eine einfache Wartung [&hellip;]<\/p>\n","protected":false},"author":1,"featured_media":0,"parent":0,"menu_order":0,"comment_status":"closed","ping_status":"closed","template":"","meta":{"inline_featured_image":false,"_uag_custom_page_level_css":"","_themeisle_gutenberg_block_has_review":false,"footnotes":""},"class_list":["post-1437","page","type-page","status-publish","hentry"],"blocksy_meta":{"styles_descriptor":{"styles":{"desktop":"","tablet":"","mobile":""},"google_fonts":[],"version":6}},"uagb_featured_image_src":{"full":false,"thumbnail":false,"medium":false,"medium_large":false,"large":false,"gs-tiny":false,"xl":false,"xxl":false,"xxxl":false,"xxxxl":false,"xxxxxl":false,"1536x1536":false,"2048x2048":false},"uagb_author_info":{"display_name":"admin","author_link":"https:\/\/pellplast.pl\/de\/author\/admin\/"},"uagb_comment_info":0,"uagb_excerpt":"Winterg\u00e4rten Unser Team ber\u00e4t Sie gerne bei der Einrichtung Ihres Traumwintergartens aus Aluminium! Vorteile eines Wintergartens: Ein Wintergarten aus Aluminium ist ein ger\u00e4umiger und heller Raum, der das ganze Jahr \u00fcber als Wohnzimmer, Esszimmer, G\u00e4stezimmer oder Erholungsraum genutzt werden kann. Die Aluminiumkonstruktion sorgt nicht nur f\u00fcr Haltbarkeit und Stabilit\u00e4t, sondern erm\u00f6glicht auch eine einfache Wartung&hellip;","_links":{"self":[{"href":"https:\/\/pellplast.pl\/de\/wp-json\/wp\/v2\/pages\/1437","targetHints":{"allow":["GET"]}}],"collection":[{"href":"https:\/\/pellplast.pl\/de\/wp-json\/wp\/v2\/pages"}],"about":[{"href":"https:\/\/pellplast.pl\/de\/wp-json\/wp\/v2\/types\/page"}],"author":[{"embeddable":true,"href":"https:\/\/pellplast.pl\/de\/wp-json\/wp\/v2\/users\/1"}],"replies":[{"embeddable":true,"href":"https:\/\/pellplast.pl\/de\/wp-json\/wp\/v2\/comments?post=1437"}],"version-history":[{"count":0,"href":"https:\/\/pellplast.pl\/de\/wp-json\/wp\/v2\/pages\/1437\/revisions"}],"wp:attachment":[{"href":"https:\/\/pellplast.pl\/de\/wp-json\/wp\/v2\/media?parent=1437"}],"curies":[{"name":"wp","href":"https:\/\/api.w.org\/{rel}","templated":true}]}}