{"id":1460,"date":"2023-03-29T16:32:49","date_gmt":"2023-03-29T16:32:49","guid":{"rendered":"https:\/\/pellplast.pl\/bedachungssysteme\/"},"modified":"2023-11-18T15:24:18","modified_gmt":"2023-11-18T15:24:18","slug":"bedachungssysteme","status":"publish","type":"page","link":"https:\/\/pellplast.pl\/de\/bedachungssysteme\/","title":{"rendered":"Bedachungssysteme"},"content":{"rendered":"\r\n<section class=\"wp-block-uagb-columns uagb-columns__wrap uagb-columns__background-image uagb-columns__stack-mobile uagb-columns__valign-center uagb-columns__gap-10 alignfull uagb-block-0dc68208 uagb-columns__columns-1 uagb-columns__max_width-theme\">\r\n<div class=\"uagb-columns__overlay\">\u00a0<\/div>\r\n<div class=\"uagb-columns__inner-wrap uagb-columns__columns-1\">\r\n<div class=\"wp-block-uagb-column uagb-column__wrap uagb-column__background-undefined uagb-block-e147936d\">\r\n<div class=\"uagb-column__overlay\">\u00a0<\/div>\r\n&#13;\n<div id=\"systemy-zadaszen\" class=\"wp-block-stackable-heading stk-block-heading stk-block-heading--v2 stk-block stk-9fde296 ticss-9fde2961\" data-block-id=\"9fde296\"><style>.stk-9fde296 .stk-block-heading__text{font-size:60px !important}@media screen and (max-width:999px){.stk-9fde296 .stk-block-heading__text{font-size:50px !important}}<\/style>&#13;\n<h1 class=\"stk-block-heading__text\">Bedachungssysteme<\/h1>&#13;\n<\/div>&#13;\n\r\n\r\n&#13;\n<div class=\"wp-block-stackable-text stk-block-text stk-block stk-0c1144d ticss-0c1144d4\" data-block-id=\"0c1144d\">&#13;\n<p class=\"stk-block-text__text\">Stilvolle Glasvord\u00e4cher als Wetterschutz.<\/p>&#13;\n<\/div>&#13;\n<\/div>\r\n<\/div>\r\n<\/section>\r\n\r\n<section class=\"wp-block-uagb-columns uagb-columns__wrap uagb-columns__background-none uagb-columns__stack-mobile uagb-columns__valign-center uagb-columns__gap-10 alignfull uagb-columns__reverse-mobile uagb-block-c4b69ad3 uagb-columns__columns-1 uagb-columns__max_width-theme\">\r\n<div class=\"uagb-columns__overlay\">\u00a0<\/div>\r\n<div class=\"uagb-columns__inner-wrap uagb-columns__columns-1\">\r\n<div class=\"wp-block-uagb-column uagb-column__wrap uagb-column__background-undefined uagb-block-5bf7e6fa\">\r\n<div class=\"uagb-column__overlay\">\u00a0<\/div>\r\n&#13;\n<div id=\"daszki-szklane-nad-drzwiami-wejsciowymi-to-rozwiazanie-ktore-ma-wiele-zalet-br-oto-kilka-z-nich\" class=\"wp-block-stackable-heading stk-block-heading stk-block-heading--v2 stk-block stk-91496c6\" data-block-id=\"91496c6\"><style>@media screen and (max-width:689px){.stk-91496c6{align-items:center !important;display:flex !important}}<\/style>&#13;\n<h3 class=\"stk-block-heading__text has-text-align-center has-text-align-center-mobile\">Glasvord\u00e4cher \u00fcber der Eingangst\u00fcr sind eine L\u00f6sung, die viele Vorteile hat.<br\/>Hier sind einige von ihnen:<\/h3>&#13;\n<\/div>&#13;\n\r\n\r\n\r\n<ul class=\"wp-block-list\">&#13;\n<li>Wetterschutz: Glasvord\u00e4cher \u00fcber der Eingangst\u00fcr bieten Schutz vor Regen, Schnee und anderen Witterungseinfl\u00fcssen, wodurch die T\u00fcr und der Boden vor Schmutz und Besch\u00e4digungen gesch\u00fctzt werden.<\/li>&#13;\n\r\n\r\n&#13;\n<li>UV-Schutz: Glasvord\u00e4cher \u00fcber der Eingangst\u00fcr sch\u00fctzen vor sch\u00e4dlicher UV-Strahlung, die die Haltbarkeit von T\u00fcrmaterialien beeintr\u00e4chtigen kann.<\/li>&#13;\n\r\n\r\n&#13;\n<li>\u00c4sthetik: Glasvord\u00e4cher \u00fcber der Eingangst\u00fcr wirken sehr elegant und modern, was sich auf die \u00c4sthetik des gesamten Geb\u00e4udes auswirken kann.<\/li>&#13;\n\r\n\r\n&#13;\n<li>Optimale Tageslichtversorgung: Glasvord\u00e4cher lassen zus\u00e4tzliches nat\u00fcrliches Licht in den Raum, was sich auf die Behaglichkeit des Raumes auswirken kann.<\/li>&#13;\n<\/ul>\r\n<\/div>\r\n<\/div>\r\n<\/section>\r\n<h2 style=\"text-align: center;\">Glasvord\u00e4cher \u00fcber der Eingangst\u00fcr &#8211; Herstellung und Montage<\/h2>\n<p style=\"text-align: justify;\">Bei Pell Plast werden sowohl bei der Produktion als auch bei der Montage von <strong>Glasvord\u00e4chern<\/strong> stets die h\u00f6chsten Standards eingehalten. Wir wissen, wie wichtig die Zeit f\u00fcr unsere Kunden ist, deshalb erstellen wir rechtzeitig ein Angebot und die bestellten Bauelemente nach <strong>Ma\u00df<\/strong> und f\u00fchren dann die Montagearbeiten zum angegebenen Termin durch. Da wir auch einen Kundendienst garantieren, heben wir uns von der Konkurrenz ab und arbeiten mit vielen Bauunternehmen zusammen. Wir hatten zum Beispiel das Vergn\u00fcgen, Schaufenster zu montieren, darunter <strong>Glasvord\u00e4cher \u00fcber den T\u00fcren<\/strong> der Genossenschaftsbank oder die Pfosten-Riegel-Fassade am neuen ICEWIND-Markensitz in Gr\u0119bocin. Wenn Sie interessiert sind, schauen Sie sich <a href=\"https:\/\/pellplast.pl\/de\/verwirklichungen\/\">unsere anderen Projekte<\/a> an!<\/p>\n<h2 style=\"text-align: center;\">Elegante und praktische Glasvord\u00e4cher nach Ma\u00df<\/h2>\n<p style=\"text-align: justify;\">Das Team von Pell Plast besteht aus erfahrenen und qualifizierten Fachleuten, die sich bem\u00fchen, die Strukturen mit gr\u00f6\u00dfter Sorgfalt zu montieren. Durch den Einsatz modernster Technik und hochwertiger Materialien bestechen unsere <strong>Glasvord\u00e4cher<\/strong> nicht nur durch ihr \u00e4sthetisches Erscheinungsbild, sondern garantieren auch jahrelange Haltbarkeit und Sicherheit vor sch\u00e4dlichen Witterungseinfl\u00fcssen. Dar\u00fcber hinaus sind die vorgeschlagenen Vordachsysteme vielseitig einsetzbar, so dass sie zu fast jeder Fassade passen und auch <strong>\u00fcber Eing\u00e4ngen<\/strong> mit Holz- und <strong>Glast\u00fcren<\/strong> erfolgreich sind. Wir ermutigen vor allem Bauherren und Bauunternehmen sowie Architekten, die Fassaden von Neubauten oder Modernisierungen von bestehenden Geb\u00e4uden planen, sich \u00fcber unser Angebot an <strong>Vord\u00e4chern<\/strong> zu informieren.<\/p>\n<h2 style=\"text-align: center;\">Pell Plast &#8211; Partner bei der Fertigstellung von Geb\u00e4uden<\/h2>\n<p style=\"text-align: justify;\">Wir sind spezialisiert auf den Entwurf, die Herstellung <strong>nach Ma\u00df<\/strong> und die Montage von Konstruktionen wie z. B. <strong>Glasvord\u00e4chern \u00fcber Eing\u00e4ngen<\/strong>. Sie sehen an den Fassaden vieler Geb\u00e4ude auffallend aus, unter anderem:<\/p>\n<ul>\n<li>Einfamilienh\u00e4user,<\/li>\n<li>Banken,<\/li>\n<li>Gesundheitskliniken,<\/li>\n<li>Restaurants,<\/li>\n<li>Gesch\u00e4fte und M\u00e4rkte,<\/li>\n<li>Hotels,<\/li>\n<li>\u00f6ffentliche Einrichtungen, einschlie\u00dflich Schulen oder Kinderg\u00e4rten,<\/li>\n<li>B\u00fcrogeb\u00e4ude.<\/li>\n<\/ul>\n<p style=\"text-align: justify;\">Die beschriebenen Bedachungssysteme sind auf die Anforderungen und Bed\u00fcrfnisse unserer Kunden zugeschnitten, so dass wir eine Vielzahl zufriedener Auftraggeber vorweisen k\u00f6nnen. Was uns jedoch auszeichnet, ist nicht nur unser individueller Service und unser Engagement f\u00fcr jedes Projekt, sondern auch unser flexibler Ansatz. Das bedeutet, dass wir rechtzeitig vorbereitete Angebote vorlegen und gegebenenfalls mehr als eine L\u00f6sung anbieten. F\u00fcr eine Bestellung von <strong>ma\u00dfgeschneiderten Glasvord\u00e4chern <\/strong><a href=\"https:\/\/pellplast.pl\/de\/kontakt\/\">nehmen Sie bitte Kontakt mit uns<\/a> auf!<\/p>\n","protected":false},"excerpt":{"rendered":"<p>&#13; &#13; Bedachungssysteme &#13; &#13; &#13; &#13; Stilvolle Glasvord\u00e4cher als Wetterschutz. &#13; &#13; &#13; &#13; Glasvord\u00e4cher \u00fcber der Eingangst\u00fcr sind eine L\u00f6sung, die viele Vorteile hat.Hier sind einige von ihnen: &#13; &#13; Glasvord\u00e4cher \u00fcber der Eingangst\u00fcr &#8211; Herstellung und Montage Bei Pell Plast werden sowohl bei der Produktion als auch bei der Montage von Glasvord\u00e4chern [&hellip;]<\/p>\n","protected":false},"author":1,"featured_media":0,"parent":0,"menu_order":0,"comment_status":"closed","ping_status":"closed","template":"","meta":{"inline_featured_image":false,"_uag_custom_page_level_css":"","_themeisle_gutenberg_block_has_review":false,"footnotes":""},"class_list":["post-1460","page","type-page","status-publish","hentry"],"blocksy_meta":[],"uagb_featured_image_src":{"full":false,"thumbnail":false,"medium":false,"medium_large":false,"large":false,"gs-tiny":false,"xl":false,"xxl":false,"xxxl":false,"xxxxl":false,"xxxxxl":false,"1536x1536":false,"2048x2048":false},"uagb_author_info":{"display_name":"admin","author_link":"https:\/\/pellplast.pl\/de\/author\/admin\/"},"uagb_comment_info":0,"uagb_excerpt":"&#13; &#13; Bedachungssysteme &#13; &#13; &#13; &#13; Stilvolle Glasvord\u00e4cher als Wetterschutz. &#13; &#13; &#13; &#13; Glasvord\u00e4cher \u00fcber der Eingangst\u00fcr sind eine L\u00f6sung, die viele Vorteile hat.Hier sind einige von ihnen: &#13; &#13; Glasvord\u00e4cher \u00fcber der Eingangst\u00fcr &#8211; Herstellung und Montage Bei Pell Plast werden sowohl bei der Produktion als auch bei der Montage von Glasvord\u00e4chern&hellip;","_links":{"self":[{"href":"https:\/\/pellplast.pl\/de\/wp-json\/wp\/v2\/pages\/1460","targetHints":{"allow":["GET"]}}],"collection":[{"href":"https:\/\/pellplast.pl\/de\/wp-json\/wp\/v2\/pages"}],"about":[{"href":"https:\/\/pellplast.pl\/de\/wp-json\/wp\/v2\/types\/page"}],"author":[{"embeddable":true,"href":"https:\/\/pellplast.pl\/de\/wp-json\/wp\/v2\/users\/1"}],"replies":[{"embeddable":true,"href":"https:\/\/pellplast.pl\/de\/wp-json\/wp\/v2\/comments?post=1460"}],"version-history":[{"count":0,"href":"https:\/\/pellplast.pl\/de\/wp-json\/wp\/v2\/pages\/1460\/revisions"}],"wp:attachment":[{"href":"https:\/\/pellplast.pl\/de\/wp-json\/wp\/v2\/media?parent=1460"}],"curies":[{"name":"wp","href":"https:\/\/api.w.org\/{rel}","templated":true}]}}